{"id":18,"date":"2021-04-17T17:17:40","date_gmt":"2021-04-17T17:17:40","guid":{"rendered":"https:\/\/lumisistem.com\/en-us\/?page_id=18"},"modified":"2023-07-17T15:13:07","modified_gmt":"2023-07-17T15:13:07","slug":"contact","status":"publish","type":"page","link":"https:\/\/lumisistem.com\/en-us\/index.php\/contact\/","title":{"rendered":"Contact"},"content":{"rendered":"\t\t<div data-elementor-type=\"wp-page\" data-elementor-id=\"18\" class=\"elementor elementor-18\">\n\t\t\t\t\t\t\t\t\t<section class=\"elementor-section elementor-top-section elementor-element elementor-element-f99c1d6 elementor-section-full_width elementor-section-height-min-height elementor-section-items-stretch elementor-section-stretched elementor-hidden-tablet elementor-hidden-mobile elementor-section-height-default\" data-id=\"f99c1d6\" data-element_type=\"section\" data-settings=\"{&quot;stretch_section&quot;:&quot;section-stretched&quot;,&quot;background_background&quot;:&quot;classic&quot;}\">\n\t\t\t\t\t\t<div class=\"elementor-container elementor-column-gap-default\">\n\t\t\t\t\t<div class=\"elementor-column elementor-col-100 elementor-top-column elementor-element elementor-element-09b286b\" data-id=\"09b286b\" data-element_type=\"column\">\n\t\t\t<div class=\"elementor-widget-wrap elementor-element-populated\">\n\t\t\t\t\t\t\t\t<div class=\"elementor-element elementor-element-cd2f547 elementor-widget-divider--view-line elementor-widget elementor-widget-divider\" data-id=\"cd2f547\" data-element_type=\"widget\" data-widget_type=\"divider.default\">\n\t\t\t\t<div class=\"elementor-widget-container\">\n\t\t\t\t\t<div class=\"elementor-divider\">\n\t\t\t<span class=\"elementor-divider-separator\">\n\t\t\t\t\t\t<\/span>\n\t\t<\/div>\n\t\t\t\t<\/div>\n\t\t\t\t<\/div>\n\t\t\t\t\t<\/div>\n\t\t<\/div>\n\t\t\t\t\t\t\t<\/div>\n\t\t<\/section>\n\t\t\t\t<section class=\"elementor-section elementor-top-section elementor-element elementor-element-9d6d92c elementor-section-boxed elementor-section-height-default elementor-section-height-default\" data-id=\"9d6d92c\" data-element_type=\"section\">\n\t\t\t\t\t\t<div class=\"elementor-container elementor-column-gap-default\">\n\t\t\t\t\t<div class=\"elementor-column elementor-col-100 elementor-top-column elementor-element elementor-element-a2e6951\" data-id=\"a2e6951\" data-element_type=\"column\">\n\t\t\t<div class=\"elementor-widget-wrap elementor-element-populated\">\n\t\t\t\t\t\t\t\t<div class=\"elementor-element elementor-element-5e50a3e elementor-widget elementor-widget-image\" data-id=\"5e50a3e\" data-element_type=\"widget\" data-widget_type=\"image.default\">\n\t\t\t\t<div class=\"elementor-widget-container\">\n\t\t\t\t\t\t\t\t\t\t\t\t\t\t\t<img decoding=\"async\" src=\"https:\/\/lumisistem.com\/en-us\/wp-content\/uploads\/elementor\/thumbs\/Untitled-design-q9cbs068s2ej8mm0c1b0rxprl88qikfkr328mahj7s.png\" title=\"Untitled design\" alt=\"Untitled design\" loading=\"lazy\" \/>\t\t\t\t\t\t\t\t\t\t\t\t\t\t\t<\/div>\n\t\t\t\t<\/div>\n\t\t\t\t\t<\/div>\n\t\t<\/div>\n\t\t\t\t\t\t\t<\/div>\n\t\t<\/section>\n\t\t\t\t<section class=\"elementor-section elementor-top-section elementor-element elementor-element-8c05567 elementor-section-boxed elementor-section-height-default elementor-section-height-default\" data-id=\"8c05567\" data-element_type=\"section\">\n\t\t\t\t\t\t<div class=\"elementor-container elementor-column-gap-default\">\n\t\t\t\t\t<div class=\"elementor-column elementor-col-50 elementor-top-column elementor-element elementor-element-ec06448\" data-id=\"ec06448\" data-element_type=\"column\">\n\t\t\t<div class=\"elementor-widget-wrap elementor-element-populated\">\n\t\t\t\t\t\t\t\t<div class=\"elementor-element elementor-element-9a86b9f elementor-widget elementor-widget-text-editor\" data-id=\"9a86b9f\" data-element_type=\"widget\" data-widget_type=\"text-editor.default\">\n\t\t\t\t<div class=\"elementor-widget-container\">\n\t\t\t\t\t\t\t<p><span style=\"color: #ffffff;\">Connect with us<\/span><\/p>\t\t\t\t\t\t<\/div>\n\t\t\t\t<\/div>\n\t\t\t\t<div class=\"elementor-element elementor-element-56765d0 elementor-widget elementor-widget-text-editor\" data-id=\"56765d0\" data-element_type=\"widget\" data-widget_type=\"text-editor.default\">\n\t\t\t\t<div class=\"elementor-widget-container\">\n\t\t\t\t\t\t\t<div class=\"elementor-column elementor-col-50 elementor-top-column elementor-element elementor-element-0f69446\" data-id=\"0f69446\" data-element_type=\"column\"><div class=\"elementor-widget-wrap elementor-element-populated\"><div class=\"elementor-element elementor-element-389634f elementor-widget elementor-widget-text-editor\" data-id=\"389634f\" data-element_type=\"widget\" data-widget_type=\"text-editor.default\"><div class=\"elementor-widget-container\"><div class=\"elementor-text-editor elementor-clearfix\"><p><span style=\"color: #ffffff;\"><b>Phone:<\/b>\u00a0+90 216 504 5010<\/span><\/p><p><span style=\"color: #ffffff;\">Fax: +90 216 514 5011<\/span><\/p><p><span style=\"color: #ffffff;\">info@lumisistem.com<\/span><\/p><p><span style=\"color: #ffffff;\">Office Address: Barbaros Mah. Halk Cad. Kardelen<\/span><br \/><span style=\"color: #ffffff;\">Sok. Baytur Stargate Konutlar\u0131 B4 Blok Daire: 3<\/span><br \/><span style=\"color: #ffffff;\">Ata\u015fehir \/ \u0130stanbul<\/span><\/p><p><span style=\"color: #ffffff;\">Warehouse: Ba\u011flarba\u015f\u0131 Mah. It\u0131r Sk. Okumu\u015f Apt.<\/span><br \/><span style=\"color: #ffffff;\">No:3\/B Maltepe \/ \u0130stanbul<\/span><\/p><\/div><\/div><\/div><\/div><\/div>\t\t\t\t\t\t<\/div>\n\t\t\t\t<\/div>\n\t\t\t\t\t<\/div>\n\t\t<\/div>\n\t\t\t\t<div class=\"elementor-column elementor-col-50 elementor-top-column elementor-element elementor-element-6af23a9\" data-id=\"6af23a9\" data-element_type=\"column\">\n\t\t\t<div class=\"elementor-widget-wrap elementor-element-populated\">\n\t\t\t\t\t\t\t\t<div class=\"elementor-element elementor-element-1f36f58 elementor-widget elementor-widget-text-editor\" data-id=\"1f36f58\" data-element_type=\"widget\" data-widget_type=\"text-editor.default\">\n\t\t\t\t<div class=\"elementor-widget-container\">\n\t\t\t\t\t\t\t<span style=\"color: #ffffff;\">Location<\/span>\t\t\t\t\t\t<\/div>\n\t\t\t\t<\/div>\n\t\t\t\t<div class=\"elementor-element elementor-element-b9915d0 elementor-widget elementor-widget-google_maps\" data-id=\"b9915d0\" data-element_type=\"widget\" data-widget_type=\"google_maps.default\">\n\t\t\t\t<div class=\"elementor-widget-container\">\n\t\t\t\t\t<div class=\"elementor-custom-embed\">\n\t\t\t<iframe loading=\"lazy\"\n\t\t\t\t\tsrc=\"https:\/\/maps.google.com\/maps?q=Baytur%20Stargate%20Konutlar%C4%B1&#038;t=m&#038;z=17&#038;output=embed&#038;iwloc=near\"\n\t\t\t\t\ttitle=\"Baytur Stargate Konutlar\u0131\"\n\t\t\t\t\taria-label=\"Baytur Stargate Konutlar\u0131\"\n\t\t\t><\/iframe>\n\t\t<\/div>\n\t\t\t\t<\/div>\n\t\t\t\t<\/div>\n\t\t\t\t\t<\/div>\n\t\t<\/div>\n\t\t\t\t\t\t\t<\/div>\n\t\t<\/section>\n\t\t\t\t\t\t\t<\/div>\n\t\t","protected":false},"excerpt":{"rendered":"<p>Connect with us Phone:\u00a0+90 216 504 5010 Fax: +90 216 514 5011 info@lumisistem.com Office Address: Barbaros Mah. Halk Cad. KardelenSok. Baytur Stargate Konutlar\u0131 B4 Blok Daire:<span class=\"excerpt-hellip\"> [\u2026]<\/span><\/p>\n","protected":false},"author":1,"featured_media":0,"parent":0,"menu_order":0,"comment_status":"closed","ping_status":"closed","template":"","meta":[],"_links":{"self":[{"href":"https:\/\/lumisistem.com\/en-us\/index.php\/wp-json\/wp\/v2\/pages\/18"}],"collection":[{"href":"https:\/\/lumisistem.com\/en-us\/index.php\/wp-json\/wp\/v2\/pages"}],"about":[{"href":"https:\/\/lumisistem.com\/en-us\/index.php\/wp-json\/wp\/v2\/types\/page"}],"author":[{"embeddable":true,"href":"https:\/\/lumisistem.com\/en-us\/index.php\/wp-json\/wp\/v2\/users\/1"}],"replies":[{"embeddable":true,"href":"https:\/\/lumisistem.com\/en-us\/index.php\/wp-json\/wp\/v2\/comments?post=18"}],"version-history":[{"count":105,"href":"https:\/\/lumisistem.com\/en-us\/index.php\/wp-json\/wp\/v2\/pages\/18\/revisions"}],"predecessor-version":[{"id":2382,"href":"https:\/\/lumisistem.com\/en-us\/index.php\/wp-json\/wp\/v2\/pages\/18\/revisions\/2382"}],"wp:attachment":[{"href":"https:\/\/lumisistem.com\/en-us\/index.php\/wp-json\/wp\/v2\/media?parent=18"}],"curies":[{"name":"wp","href":"https:\/\/api.w.org\/{rel}","templated":true}]}}